{"id":37860,"date":"2023-01-23T13:12:49","date_gmt":"2023-01-23T12:12:49","guid":{"rendered":"https:\/\/topofminds.com\/es\/?page_id=37860"},"modified":"2026-01-20T11:41:28","modified_gmt":"2026-01-20T10:41:28","slug":"contacto-con-nosotros","status":"publish","type":"page","link":"https:\/\/topofminds.com\/es\/contacto-con-nosotros\/","title":{"rendered":"Contacto con nosotros"},"content":{"rendered":"<p>&nbsp;<\/p>\n<p>&nbsp;<\/p>\n","protected":false},"excerpt":{"rendered":"<p>&nbsp; &nbsp;<\/p>\n","protected":false},"author":15,"featured_media":28875,"parent":0,"menu_order":0,"comment_status":"closed","ping_status":"closed","template":"","meta":{"_acf_changed":false,"footnotes":""},"class_list":["post-37860","page","type-page","status-publish","has-post-thumbnail","hentry"],"acf":[],"yoast_head":"<!-- This site is optimized with the Yoast SEO plugin v27.3 - https:\/\/yoast.com\/product\/yoast-seo-wordpress\/ -->\n<title>P\u00f3ngase en contacto con nosotros<\/title>\n<meta name=\"description\" content=\"Top of Minds es una de las firmas de Executive Search m\u00e1s innovadoras de Europa. Nuestro enfoque, basado en tecnolog\u00eda, nos permite llegar a m\u00e1s candidatos con mayor rapidez,\" \/>\n<meta name=\"robots\" content=\"index, follow, max-snippet:-1, max-image-preview:large, max-video-preview:-1\" \/>\n<link rel=\"canonical\" href=\"https:\/\/topofminds.com\/es\/contacto-con-nosotros\/\" \/>\n<meta property=\"og:locale\" content=\"es_ES\" \/>\n<meta property=\"og:type\" content=\"article\" \/>\n<meta property=\"og:title\" content=\"P\u00f3ngase en contacto con nosotros\" \/>\n<meta property=\"og:description\" content=\"Top of Minds es una de las firmas de Executive Search m\u00e1s innovadoras de Europa. Nuestro enfoque, basado en tecnolog\u00eda, nos permite llegar a m\u00e1s candidatos con mayor rapidez,\" \/>\n<meta property=\"og:url\" content=\"https:\/\/topofminds.com\/es\/contacto-con-nosotros\/\" \/>\n<meta property=\"og:site_name\" content=\"Top of Minds ES\" \/>\n<meta property=\"article:modified_time\" content=\"2026-01-20T10:41:28+00:00\" \/>\n<meta property=\"og:image\" content=\"https:\/\/topofminds.com\/es\/wp-content\/uploads\/sites\/6\/2021\/03\/CP-mockup-3-transparant-e1615820121283.png\" \/>\n\t<meta property=\"og:image:width\" content=\"1834\" \/>\n\t<meta property=\"og:image:height\" content=\"921\" \/>\n\t<meta property=\"og:image:type\" content=\"image\/png\" \/>\n<meta name=\"twitter:card\" content=\"summary_large_image\" \/>\n<meta name=\"twitter:label1\" content=\"Tiempo de lectura\" \/>\n\t<meta name=\"twitter:data1\" content=\"2 minutos\" \/>\n<script type=\"application\/ld+json\" class=\"yoast-schema-graph\">{\"@context\":\"https:\\\/\\\/schema.org\",\"@graph\":[{\"@type\":\"WebPage\",\"@id\":\"https:\\\/\\\/topofminds.com\\\/es\\\/contacto-con-nosotros\\\/\",\"url\":\"https:\\\/\\\/topofminds.com\\\/es\\\/contacto-con-nosotros\\\/\",\"name\":\"P\u00f3ngase en contacto con nosotros\",\"isPartOf\":{\"@id\":\"https:\\\/\\\/topofminds.com\\\/es\\\/#website\"},\"primaryImageOfPage\":{\"@id\":\"https:\\\/\\\/topofminds.com\\\/es\\\/contacto-con-nosotros\\\/#primaryimage\"},\"image\":{\"@id\":\"https:\\\/\\\/topofminds.com\\\/es\\\/contacto-con-nosotros\\\/#primaryimage\"},\"thumbnailUrl\":\"https:\\\/\\\/topofminds.com\\\/es\\\/wp-content\\\/uploads\\\/sites\\\/6\\\/2021\\\/03\\\/CP-mockup-3-transparant-e1615820121283.png\",\"datePublished\":\"2023-01-23T12:12:49+00:00\",\"dateModified\":\"2026-01-20T10:41:28+00:00\",\"description\":\"Top of Minds es una de las firmas de Executive Search m\u00e1s innovadoras de Europa. Nuestro enfoque, basado en tecnolog\u00eda, nos permite llegar a m\u00e1s candidatos con mayor rapidez,\",\"breadcrumb\":{\"@id\":\"https:\\\/\\\/topofminds.com\\\/es\\\/contacto-con-nosotros\\\/#breadcrumb\"},\"inLanguage\":\"es\",\"potentialAction\":[{\"@type\":\"ReadAction\",\"target\":[\"https:\\\/\\\/topofminds.com\\\/es\\\/contacto-con-nosotros\\\/\"]}]},{\"@type\":\"ImageObject\",\"inLanguage\":\"es\",\"@id\":\"https:\\\/\\\/topofminds.com\\\/es\\\/contacto-con-nosotros\\\/#primaryimage\",\"url\":\"https:\\\/\\\/topofminds.com\\\/es\\\/wp-content\\\/uploads\\\/sites\\\/6\\\/2021\\\/03\\\/CP-mockup-3-transparant-e1615820121283.png\",\"contentUrl\":\"https:\\\/\\\/topofminds.com\\\/es\\\/wp-content\\\/uploads\\\/sites\\\/6\\\/2021\\\/03\\\/CP-mockup-3-transparant-e1615820121283.png\",\"width\":1834,\"height\":921,\"caption\":\"Werkwijze Top of Minds Executive Search\"},{\"@type\":\"BreadcrumbList\",\"@id\":\"https:\\\/\\\/topofminds.com\\\/es\\\/contacto-con-nosotros\\\/#breadcrumb\",\"itemListElement\":[{\"@type\":\"ListItem\",\"position\":1,\"name\":\"Home\",\"item\":\"https:\\\/\\\/topofminds.com\\\/es\\\/\"},{\"@type\":\"ListItem\",\"position\":2,\"name\":\"Contacto con nosotros\"}]},{\"@type\":\"WebSite\",\"@id\":\"https:\\\/\\\/topofminds.com\\\/es\\\/#website\",\"url\":\"https:\\\/\\\/topofminds.com\\\/es\\\/\",\"name\":\"Top of Minds ES\",\"description\":\"\",\"publisher\":{\"@id\":\"https:\\\/\\\/topofminds.com\\\/es\\\/#organization\"},\"potentialAction\":[{\"@type\":\"SearchAction\",\"target\":{\"@type\":\"EntryPoint\",\"urlTemplate\":\"https:\\\/\\\/topofminds.com\\\/es\\\/?s={search_term_string}\"},\"query-input\":{\"@type\":\"PropertyValueSpecification\",\"valueRequired\":true,\"valueName\":\"search_term_string\"}}],\"inLanguage\":\"es\"},{\"@type\":\"Organization\",\"@id\":\"https:\\\/\\\/topofminds.com\\\/es\\\/#organization\",\"name\":\"Top of Minds\",\"url\":\"https:\\\/\\\/topofminds.com\\\/es\\\/\",\"logo\":{\"@type\":\"ImageObject\",\"inLanguage\":\"es\",\"@id\":\"https:\\\/\\\/topofminds.com\\\/es\\\/#\\\/schema\\\/logo\\\/image\\\/\",\"url\":\"https:\\\/\\\/topofminds.com\\\/es\\\/wp-content\\\/uploads\\\/sites\\\/6\\\/2019\\\/06\\\/topofminds-logo-2019-v4.svg\",\"contentUrl\":\"https:\\\/\\\/topofminds.com\\\/es\\\/wp-content\\\/uploads\\\/sites\\\/6\\\/2019\\\/06\\\/topofminds-logo-2019-v4.svg\",\"width\":1,\"height\":1,\"caption\":\"Top of Minds\"},\"image\":{\"@id\":\"https:\\\/\\\/topofminds.com\\\/es\\\/#\\\/schema\\\/logo\\\/image\\\/\"}}]}<\/script>\n<!-- \/ Yoast SEO plugin. -->","yoast_head_json":{"title":"P\u00f3ngase en contacto con nosotros","description":"Top of Minds es una de las firmas de Executive Search m\u00e1s innovadoras de Europa. Nuestro enfoque, basado en tecnolog\u00eda, nos permite llegar a m\u00e1s candidatos con mayor rapidez,","robots":{"index":"index","follow":"follow","max-snippet":"max-snippet:-1","max-image-preview":"max-image-preview:large","max-video-preview":"max-video-preview:-1"},"canonical":"https:\/\/topofminds.com\/es\/contacto-con-nosotros\/","og_locale":"es_ES","og_type":"article","og_title":"P\u00f3ngase en contacto con nosotros","og_description":"Top of Minds es una de las firmas de Executive Search m\u00e1s innovadoras de Europa. Nuestro enfoque, basado en tecnolog\u00eda, nos permite llegar a m\u00e1s candidatos con mayor rapidez,","og_url":"https:\/\/topofminds.com\/es\/contacto-con-nosotros\/","og_site_name":"Top of Minds ES","article_modified_time":"2026-01-20T10:41:28+00:00","og_image":[{"width":1834,"height":921,"url":"https:\/\/topofminds.com\/es\/wp-content\/uploads\/sites\/6\/2021\/03\/CP-mockup-3-transparant-e1615820121283.png","type":"image\/png"}],"twitter_card":"summary_large_image","twitter_misc":{"Tiempo de lectura":"2 minutos"},"schema":{"@context":"https:\/\/schema.org","@graph":[{"@type":"WebPage","@id":"https:\/\/topofminds.com\/es\/contacto-con-nosotros\/","url":"https:\/\/topofminds.com\/es\/contacto-con-nosotros\/","name":"P\u00f3ngase en contacto con nosotros","isPartOf":{"@id":"https:\/\/topofminds.com\/es\/#website"},"primaryImageOfPage":{"@id":"https:\/\/topofminds.com\/es\/contacto-con-nosotros\/#primaryimage"},"image":{"@id":"https:\/\/topofminds.com\/es\/contacto-con-nosotros\/#primaryimage"},"thumbnailUrl":"https:\/\/topofminds.com\/es\/wp-content\/uploads\/sites\/6\/2021\/03\/CP-mockup-3-transparant-e1615820121283.png","datePublished":"2023-01-23T12:12:49+00:00","dateModified":"2026-01-20T10:41:28+00:00","description":"Top of Minds es una de las firmas de Executive Search m\u00e1s innovadoras de Europa. Nuestro enfoque, basado en tecnolog\u00eda, nos permite llegar a m\u00e1s candidatos con mayor rapidez,","breadcrumb":{"@id":"https:\/\/topofminds.com\/es\/contacto-con-nosotros\/#breadcrumb"},"inLanguage":"es","potentialAction":[{"@type":"ReadAction","target":["https:\/\/topofminds.com\/es\/contacto-con-nosotros\/"]}]},{"@type":"ImageObject","inLanguage":"es","@id":"https:\/\/topofminds.com\/es\/contacto-con-nosotros\/#primaryimage","url":"https:\/\/topofminds.com\/es\/wp-content\/uploads\/sites\/6\/2021\/03\/CP-mockup-3-transparant-e1615820121283.png","contentUrl":"https:\/\/topofminds.com\/es\/wp-content\/uploads\/sites\/6\/2021\/03\/CP-mockup-3-transparant-e1615820121283.png","width":1834,"height":921,"caption":"Werkwijze Top of Minds Executive Search"},{"@type":"BreadcrumbList","@id":"https:\/\/topofminds.com\/es\/contacto-con-nosotros\/#breadcrumb","itemListElement":[{"@type":"ListItem","position":1,"name":"Home","item":"https:\/\/topofminds.com\/es\/"},{"@type":"ListItem","position":2,"name":"Contacto con nosotros"}]},{"@type":"WebSite","@id":"https:\/\/topofminds.com\/es\/#website","url":"https:\/\/topofminds.com\/es\/","name":"Top of Minds ES","description":"","publisher":{"@id":"https:\/\/topofminds.com\/es\/#organization"},"potentialAction":[{"@type":"SearchAction","target":{"@type":"EntryPoint","urlTemplate":"https:\/\/topofminds.com\/es\/?s={search_term_string}"},"query-input":{"@type":"PropertyValueSpecification","valueRequired":true,"valueName":"search_term_string"}}],"inLanguage":"es"},{"@type":"Organization","@id":"https:\/\/topofminds.com\/es\/#organization","name":"Top of Minds","url":"https:\/\/topofminds.com\/es\/","logo":{"@type":"ImageObject","inLanguage":"es","@id":"https:\/\/topofminds.com\/es\/#\/schema\/logo\/image\/","url":"https:\/\/topofminds.com\/es\/wp-content\/uploads\/sites\/6\/2019\/06\/topofminds-logo-2019-v4.svg","contentUrl":"https:\/\/topofminds.com\/es\/wp-content\/uploads\/sites\/6\/2019\/06\/topofminds-logo-2019-v4.svg","width":1,"height":1,"caption":"Top of Minds"},"image":{"@id":"https:\/\/topofminds.com\/es\/#\/schema\/logo\/image\/"}}]}},"_links":{"self":[{"href":"https:\/\/topofminds.com\/es\/wp-json\/wp\/v2\/pages\/37860","targetHints":{"allow":["GET"]}}],"collection":[{"href":"https:\/\/topofminds.com\/es\/wp-json\/wp\/v2\/pages"}],"about":[{"href":"https:\/\/topofminds.com\/es\/wp-json\/wp\/v2\/types\/page"}],"author":[{"embeddable":true,"href":"https:\/\/topofminds.com\/es\/wp-json\/wp\/v2\/users\/15"}],"replies":[{"embeddable":true,"href":"https:\/\/topofminds.com\/es\/wp-json\/wp\/v2\/comments?post=37860"}],"version-history":[{"count":26,"href":"https:\/\/topofminds.com\/es\/wp-json\/wp\/v2\/pages\/37860\/revisions"}],"predecessor-version":[{"id":43105,"href":"https:\/\/topofminds.com\/es\/wp-json\/wp\/v2\/pages\/37860\/revisions\/43105"}],"wp:featuredmedia":[{"embeddable":true,"href":"https:\/\/topofminds.com\/es\/wp-json\/wp\/v2\/media\/28875"}],"wp:attachment":[{"href":"https:\/\/topofminds.com\/es\/wp-json\/wp\/v2\/media?parent=37860"}],"curies":[{"name":"wp","href":"https:\/\/api.w.org\/{rel}","templated":true}]}}