{"id":2672,"date":"2017-07-03T12:03:45","date_gmt":"2017-07-03T10:03:45","guid":{"rendered":"https:\/\/topofminds.com\/es\/?page_id=2672"},"modified":"2024-08-14T16:03:57","modified_gmt":"2024-08-14T14:03:57","slug":"declaracion-de-privacidad","status":"publish","type":"page","link":"https:\/\/topofminds.com\/es\/declaracion-de-privacidad\/","title":{"rendered":"Declaraci\u00f3n de privacidad"},"content":{"rendered":"<h1>Declaraci\u00f3n de privacidad<\/h1>\n<h3>1. \u00a0Introducci\u00f3n<\/h3>\n<p>Top of Minds B.V. (incluyendo cada una de las entidades y sucursales de Top of Minds mencionadas al final de este p\u00e1rrafo) (<strong>Top of Minds<\/strong>\u00a0o\u00a0<strong>nosotros<\/strong>) valora y respeta la privacidad de nuestros clientes, candidatos y socios comerciales, y se compromete a proteger la privacidad y confidencialidad de los datos personales que Top of Minds procesa en relaci\u00f3n con los servicios que prestamos a nuestros clientes y candidatos. Top of Minds procesar\u00e1 sus datos personales cuidadosamente y siempre de acuerdo con las leyes y reglamentos aplicables.<\/p>\n<p>Esta declaraci\u00f3n de privacidad describe c\u00f3mo utilizamos sus datos personales en nuestras operaciones comerciales (como responsable del tratamiento). Recogemos, utilizamos, compartimos y procesamos los datos personales necesarios para los fines mencionados en esta declaraci\u00f3n de privacidad o que est\u00e1n legalmente permitidos.<\/p>\n<p>En esta Declaraci\u00f3n de Privacidad, utilizamos una serie de t\u00e9rminos que tienen significados espec\u00edficos seg\u00fan las normas de privacidad aplicables (como \u00abdatos personales\u00bb o \u00abresponsable del tratamiento\u00bb). El cap\u00edtulo 4 de esta declaraci\u00f3n de privacidad contiene un resumen de estos t\u00e9rminos definidos.<\/p>\n<p>Top of Minds ha nombrado un delegado de protecci\u00f3n de datos (<strong>DPD<\/strong>). No dude en ponerse en contacto con nuestro DPD si tiene alguna pregunta sobre el tratamiento de datos personales por parte de Top of Minds. Si se pone en contacto con nosotros, recibir\u00e1 una respuesta en el plazo m\u00e1ximo de un mes:<\/p>\n<p>Nombre: Martijn van Wingen<\/p>\n<p>Correo electr\u00f3nico: privacy@topofminds.com\/es<\/p>\n<p>Correo ordinario:<br \/>\nTop of Minds B.V.<br \/>\nA la atenci\u00f3n de Martijn van Wingen<br \/>\nPrins Hendriklaan 56<br \/>\n1075 BE \u00c1msterdam [Pa\u00edses Bajos]<\/p>\n<h3>2. \u00bfQu\u00e9 hacemos con sus datos personales?<\/h3>\n<h4>\u00bfQu\u00e9 son los datos personales?<\/h4>\n<p>Los datos personales son toda informaci\u00f3n sobre una persona f\u00edsica identificada o identificable, como por ejemplo el nombre, la direcci\u00f3n, las direcciones de correo electr\u00f3nico o una copia del pasaporte, as\u00ed como los datos financieros o las copias de correos electr\u00f3nicos y contratos, siempre que dichos datos se refieran a una persona f\u00edsica.<\/p>\n<h4><strong>\u00bfQu\u00e9 datos personales recogemos y tratamos sobre usted?<\/strong><\/h4>\n<ul>\n<li>(a)\u00a0<strong>Sus datos de contacto y su curr\u00edculo<\/strong>\u25ba incluyendo su nombre, direcci\u00f3n (y comprobante de domicilio), sexo, fecha de nacimiento, educaci\u00f3n, experiencia laboral, direcci\u00f3n de correo electr\u00f3nico, datos telef\u00f3nicos, nacionalidad, curr\u00edculo y cualquier otro dato que nos pueda proporcionar (como cuando usted mismo a\u00f1ade una foto a su curr\u00edculo). Tambi\u00e9n podemos pedirle que nos proporcione informaci\u00f3n sobre el salario.<\/li>\n<li>(b)\u00a0<strong>Vacantes potencialmente interesantes<\/strong>\u25ba Vacantes a las que se ha presentado o para las que le hemos tenido en cuenta y para las que nos hemos dirigido a usted o no.<\/li>\n<li>(c)\u00a0<strong>Notas de las entrevistas y correspondencia<\/strong>\u25ba informes personales de los contactos mantenidos (mediante entrevistas telef\u00f3nicas o presenciales) y de la correspondencia por correo electr\u00f3nico con usted.<\/li>\n<\/ul>\n<h4><strong>\u00bfQu\u00e9 base legal tenemos para tratar sus datos personales?<\/strong><\/h4>\n<p>Top of Minds trata sus datos personales \u00fanicamente con fines leg\u00edtimos. Adem\u00e1s, el uso de sus datos personales siempre estar\u00e1 justificado en base a uno o varios de los \u00abmotivos de tratamiento\u00bb legales incluidos en el Reglamento general de protecci\u00f3n de datos.<\/p>\n<p>La siguiente lista contiene una breve explicaci\u00f3n de los diferentes motivos legales de tratamiento seg\u00fan el RGPD en base a los cuales Top of Minds utiliza sus datos personales.<\/p>\n<p><strong>Ejecuci\u00f3n de un contrato:<\/strong>\u00a0cuando Top of Minds necesite sus datos personales para celebrar un contrato con usted y\/o para prestarle nuestros servicios.<\/p>\n<p><strong>Intereses leg\u00edtimos<\/strong>:\u00a0cuando Top of Minds utiliza sus datos personales para servir a un inter\u00e9s leg\u00edtimo, y nuestras razones para utilizar sus datos personales superan los perjuicios para su derecho a la protecci\u00f3n de los datos personales.<\/p>\n<p><strong>Reclamaciones legales<\/strong>:\u00a0cuando Top of Minds necesite sus datos personales para defenderle a usted, a nosotros o a un tercero, o para presentar una reclamaci\u00f3n.<\/p>\n<p><strong>Nuestras obligaciones legales<\/strong>:\u00a0cuando estemos obligados a tratar sus datos personales de acuerdo con una obligaci\u00f3n legal, principalmente debido a nuestra condici\u00f3n de instituci\u00f3n financiera regulada.<\/p>\n<p><strong>Consentimiento<\/strong>:\u00a0cuando usted haya consentido el uso de sus datos personales (en cuyo caso habr\u00e1 recibido un formulario de consentimiento (digital) sobre dicho uso). Podr\u00e1 revocar su consentimiento en cualquier momento enviando una notificaci\u00f3n a nuestro DPD).<\/p>\n<h4><strong>\u00bfCon qu\u00e9 fines recopila Top of Minds sus datos personales, y en qu\u00e9 motivos de tratamiento nos basamos para su uso?<\/strong><\/h4>\n<p>En este apartado se describen los fines para los que Top of Minds trata las diferentes categor\u00edas de datos personales que recogemos. Para cada finalidad de tratamiento, hemos incluido los motivos de tratamiento aplicables que justifican el uso de sus datos personales:<\/p>\n<ul>\n<li>(a) Para evaluar su solicitud para un puesto espec\u00edfico \u25ba Cuando recibamos su solicitud para una vacante espec\u00edfica, o cuando se interese usted en un debate abierto sobre posibles oportunidades profesionales, utilizaremos sus datos personales para evaluar su idoneidad para este puesto y para otros.\n<ul>\n<li>Base(s) para el tratamiento: nuestra prestaci\u00f3n de servicios a los candidatos (ejecuci\u00f3n del contrato), consentimiento expl\u00edcito (podr\u00e1 decidir que sus datos sean eliminados de nuestra base de datos en cualquier momento)<\/li>\n<\/ul>\n<\/li>\n<li>(b) Para poder ofrecerle puestos adecuados en el futuro \u25ba Tambi\u00e9n trataremos su perfil (incluidos sus datos personales) y le mantendremos informado sobre posibles puestos adecuados por correo electr\u00f3nico, tel\u00e9fono, boletines informativos y redes sociales.\n<ul>\n<li>Base(s) para el tratamiento: nuestra prestaci\u00f3n de servicios a los candidatos (ejecuci\u00f3n del contrato), consentimiento expl\u00edcito (podr\u00e1 decidir que sus datos sean eliminados de nuestra base de datos en cualquier momento)<\/li>\n<\/ul>\n<\/li>\n<li>(c) Para nuestros servicios a nuestros clientes \u25ba Top of Minds necesita los datos personales de los clientes para la ejecuci\u00f3n de nuestro(s) contrato(s) con ellos. Esto incluye el uso de sus datos personales para garantizar que Top of Minds pueda prestar sus servicios a sus mandantes.\n<ul>\n<li>Motivo(s) para el tratamiento: para la ejecuci\u00f3n de un contrato (o su preparaci\u00f3n), obligaciones legales, intereses leg\u00edtimos (para permitirnos prestar nuestros servicios y compartir datos personales entre diferentes entidades de Top of Minds, en su caso).<\/li>\n<\/ul>\n<\/li>\n<li>(d) Con fines de marketing \u25ba podremos utilizar sus datos personales para ponernos en contacto con usted por correo electr\u00f3nico (con fines de marketing). Podr\u00e1 darse de baja de estas comunicaciones comerciales en cualquier momento. Solo pondremos en su conocimiento nuestros propios productos y servicios, y no facilitaremos sus datos de contacto a terceros con este fin (salvo a terceros que traten datos personales en nuestro nombre, como las plataformas de redes sociales).\n<ul>\n<li>Motivo(s) del tratamiento: intereses leg\u00edtimos (para permitirnos promover nuestros servicios y productos financieros), y consentimiento expl\u00edcito, v\u00e9ase a este respecto nuestra declaraci\u00f3n sobre las (podr\u00e1 revocar este consentimiento en cualquier momento).<\/li>\n<\/ul>\n<\/li>\n<li>(e) Para defender nuestros intereses leg\u00edtimos y cambiar nuestra estructura empresarial \u25ba Top of Minds podr\u00e1 compartir sus datos personales con terceros, como autoridades gubernamentales y terceros litigantes, en relaci\u00f3n con procedimientos o investigaciones legales (estos terceros no son en este caso responsables del tratamiento en nombre de Top of Minds, y procesan los datos personales para sus propios fines). Tambi\u00e9n podremos proporcionar sus datos personales a posibles compradores o inversores de cualquier parte del negocio de Top of Minds en relaci\u00f3n con una compra o inversi\u00f3n.\n<ul>\n<li style=\"list-style-type: none;\">\n<ul>\n<li>Motivo(s) de tratamiento: obligaciones legales, reclamaciones legales, nuestros intereses leg\u00edtimos (para permitirnos cooperar con los organismos policiales y reguladores, y para permitir a Top of Minds modificar sus operaciones).<\/li>\n<\/ul>\n<\/li>\n<\/ul>\n<\/li>\n<\/ul>\n<h4><strong>\u00bfDe d\u00f3nde sacamos sus datos personales?<\/strong><\/h4>\n<p>Recogemos datos personales directamente de usted o de fuentes p\u00fablicas (como Linkedin).<\/p>\n<h4><strong>\u00bfD\u00f3nde almacenamos sus datos personales?<\/strong><\/h4>\n<p>Almacenamos sus datos personales en sistemas inform\u00e1ticos situados en los Pa\u00edses Bajos y el Reino Unido. Todos los proveedores de servicios inform\u00e1ticos act\u00faan como encargados del tratamiento en nombre de Top of Minds.<\/p>\n<h4><strong>\u00bfC\u00f3mo protege Top of Minds mis datos personales?<\/strong><\/h4>\n<p>Top of Minds y sus proveedores de servicios inform\u00e1ticos han aplicado las medidas t\u00e9cnicas y organizativas adecuadas para asegurar el tratamiento de los datos personales. Estas precauciones dependen de la sensibilidad, el formato, la ubicaci\u00f3n, la cantidad, la distribuci\u00f3n y el almacenamiento de los datos personales, e incluyen medidas para proteger los datos personales contra el acceso no autorizado. En su caso, estas medidas incluyen el cifrado de las comunicaciones a trav\u00e9s de SSL, el cifrado de la informaci\u00f3n durante el almacenamiento, <em>firewalls<\/em>, controles de acceso, segregaci\u00f3n de funciones y protocolos de seguridad similares. Limitamos el acceso a los datos personales al personal y a los terceros que necesitan acceder a dicha informaci\u00f3n para fines comerciales leg\u00edtimos y pertinentes.<\/p>\n<p>Todo nuestro personal, los contratistas y los terceros que tienen acceso a sus datos personales y act\u00faan siguiendo las instrucciones de Top of Minds est\u00e1n obligados a mantener la confidencialidad, y utilizamos controles de acceso para limitar el acceso a sus datos personales a las personas que necesitan dicho acceso para llevar a cabo sus responsabilidades y tareas.<\/p>\n<p>Top of Minds ha introducido una pol\u00edtica de seguridad de la informaci\u00f3n, y sus pol\u00edticas y sistemas de seguridad son auditados peri\u00f3dicamente. Top of Minds se toma muy en serio la seguridad de su infraestructura inform\u00e1tica.<\/p>\n<h4><strong>\u00bfCompartimos sus datos personales?<\/strong><\/h4>\n<p>Top of Minds ha contratado a varios encargados del tratamiento para tratar sus datos personales en nuestro nombre, incluyendo plataformas de medios sociales con fines de marketing, proveedores de servicios de TI y otros proveedores de servicios.<\/p>\n<h4><strong>Cambios en esta declaraci\u00f3n de privacidad<\/strong><\/h4>\n<p>Top of Minds se reserva el derecho a realizar cambios provisionales en esta declaraci\u00f3n de privacidad. En el sitio web de Top of Minds est\u00e1 siempre disponible la versi\u00f3n m\u00e1s reciente de la declaraci\u00f3n de privacidad.<\/p>\n<h3>3. \u00bfCu\u00e1les son sus derechos?<\/h3>\n<p>En virtud del RGPD, usted tiene ciertos derechos con respecto a sus datos personales. A continuaci\u00f3n enumeramos estos derechos. Para cualquier pregunta sobre la declaraci\u00f3n de privacidad de Top of Minds, deber\u00e1 dirigirse en primer lugar a nuestro DPD.<\/p>\n<p>Cabe se\u00f1alar que se aplican ciertas excepciones al ejercicio de estos derechos y, por tanto, es posible que no pueda ejercer determinados derechos en todas las situaciones:<\/p>\n<ul>\n<li>(a) Derecho de acceso Usted tiene derecho a acceder a sus datos personales y, por lo general, en el plazo de un mes desde su solicitud a Top of Minds, podr\u00e1 obtener acceso a todos los datos personales que tenemos sobre usted.<\/li>\n<li>(b) Correcci\u00f3n: Puede solicitarnos que corrijamos las inexactitudes de sus datos personales.<\/li>\n<li>(c) Supresi\u00f3n: Puede solicitar que eliminemos los datos personales en determinadas circunstancias. En tales casos, tomaremos medidas razonables para notificar a otros encargados del tratamiento que traten datos personales en nuestro nombre que usted ha solicitado la supresi\u00f3n de los enlaces a sus datos personales y de las copias o r\u00e9plicas de los mismos.<\/li>\n<li>(d) Limitaci\u00f3n del tratamiento: Puede solicitarnos que limitemos el tratamiento de los datos personales en determinadas circunstancias, por ejemplo, si usted cuestiona la exactitud de los datos personales.<\/li>\n<li>(e) Portabilidad: Usted tendr\u00e1 derecho a recibir los datos personales que nos haya suministrado y que almacenemos, en un formato estructurado, de uso com\u00fan y lectura mec\u00e1nica, por ejemplo, para transmitirlos a un tercero.<\/li>\n<li>(f) Presentaci\u00f3n de una reclamaci\u00f3n: Puede presentar una reclamaci\u00f3n sobre el tratamiento de sus datos personales por parte de Top of Minds ante la autoridad de control competente de su pa\u00eds (en Espa\u00f1a, por ejemplo, es la Agencia Espa\u00f1ola de Protecci\u00f3n de Datos).<\/li>\n<\/ul>\n<p>Estos derechos est\u00e1n sujetos a ciertas excepciones para proteger el inter\u00e9s p\u00fablico (por ejemplo, la prevenci\u00f3n o detecci\u00f3n de delitos) y nuestros intereses. Responderemos a la mayor\u00eda de las solicitudes en un plazo de 30 d\u00edas.<\/p>\n<h3>4. Algunas condiciones legales<\/h3>\n<p>De acuerdo con las leyes de privacidad aplicables (incluyendo, entre otras, el RGPD), los t\u00e9rminos que aparecen a continuaci\u00f3n tienen un significado definido tal y como se establece en la enumeraci\u00f3n que aparece a continuaci\u00f3n:<\/p>\n<p><strong>RGPD<\/strong><br \/>\nEl Reglamento General de Protecci\u00f3n de Datos Europeo (UE) n.\u00ba 2016\/679. El RGPD se aplica en todos los Estados miembros de la UE desde el 25 de mayo de 2018.<\/p>\n<p><strong>Datos personales<\/strong><br \/>\ntoda informaci\u00f3n sobre una persona f\u00edsica identificada o identificable (\u00abel interesado\u00bb); se considerar\u00e1 persona f\u00edsica identificable toda persona cuya identidad pueda determinarse, directa o indirectamente, en particular mediante un identificador, como por ejemplo un nombre, un n\u00famero de identificaci\u00f3n, datos de localizaci\u00f3n, un identificador en l\u00ednea o uno o varios elementos propios de la identidad f\u00edsica, fisiol\u00f3gica, gen\u00e9tica, ps\u00edquica, econ\u00f3mica, cultural o social de dicha persona.<\/p>\n<p><strong>Tratamiento de datos personales<\/strong><br \/>\ncualquier operaci\u00f3n o conjunto de operaciones realizadas sobre datos personales o conjuntos de datos personales, ya sea por procedimientos automatizados o no, como la recogida, registro, organizaci\u00f3n, estructuraci\u00f3n, conservaci\u00f3n, adaptaci\u00f3n o modificaci\u00f3n, extracci\u00f3n, consulta, utilizaci\u00f3n, comunicaci\u00f3n por transmisi\u00f3n, difusi\u00f3n o cualquier otra forma de habilitaci\u00f3n de acceso, cotejo o interconexi\u00f3n, limitaci\u00f3n, supresi\u00f3n o destrucci\u00f3n de datos.<\/p>\n<p><strong>Responsable del tratamiento<\/strong><br \/>\nuna persona f\u00edsica o jur\u00eddica, autoridad p\u00fablica, servicio u otro organismo que, solo o junto con otros, determine los fines y medios del tratamiento; si el Derecho de la Uni\u00f3n o de los Estados miembros determina los fines y medios del tratamiento, el responsable del tratamiento o los criterios espec\u00edficos para su nombramiento podr\u00e1 establecerlos el Derecho de la Uni\u00f3n o de los Estados miembros.<\/p>\n<p><strong>Encargado del tratamiento<\/strong><br \/>\nuna persona f\u00edsica o jur\u00eddica, autoridad p\u00fablica, servicio u otro organismo que trate datos personales por cuenta del responsable del tratamiento.<\/p>\n<p><strong>Categor\u00edas especiales de datos personales<\/strong><br \/>\nquedan prohibidos el tratamiento de datos personales que revelen el origen \u00e9tnico o racial, las opiniones pol\u00edticas, las convicciones religiosas o filos\u00f3ficas, o la afiliaci\u00f3n sindical, y el tratamiento de datos gen\u00e9ticos, datos biom\u00e9tricos dirigidos a identificar de manera un\u00edvoca a una persona f\u00edsica, datos relativos a la salud o datos relativos a la vida sexual o la orientaci\u00f3n sexual de una persona f\u00edsica, o el tratamiento de datos personales relativos a condenas e infracciones penales.<\/p>\n<p>&nbsp;<\/p>\n","protected":false},"excerpt":{"rendered":"<p>Declaraci\u00f3n de privacidad 1. \u00a0Introducci\u00f3n Top of Minds B.V. (incluyendo cada una de las entidades y sucursales de Top of Minds mencionadas al final de este p\u00e1rrafo) (Top of Minds\u00a0o\u00a0nosotros) valora y respeta la privacidad de nuestros clientes, candidatos y socios comerciales, y se compromete a proteger la privacidad y confidencialidad de los datos personales [&hellip;]<\/p>\n","protected":false},"author":5,"featured_media":0,"parent":0,"menu_order":0,"comment_status":"closed","ping_status":"closed","template":"","meta":{"_acf_changed":false,"footnotes":""},"class_list":["post-2672","page","type-page","status-publish","hentry"],"acf":[],"yoast_head":"<!-- This site is optimized with the Yoast SEO plugin v27.4 - https:\/\/yoast.com\/product\/yoast-seo-wordpress\/ -->\n<title>Declaraci\u00f3n de privacidad - Top of Minds<\/title>\n<meta name=\"description\" content=\"Top of Minds procesar\u00e1 sus datos personales cuidadosamente y siempre de acuerdo con las leyes y reglamentos aplicables.\" \/>\n<meta name=\"robots\" content=\"index, follow, max-snippet:-1, max-image-preview:large, max-video-preview:-1\" \/>\n<link rel=\"canonical\" href=\"https:\/\/topofminds.com\/es\/declaracion-de-privacidad\/\" \/>\n<meta property=\"og:locale\" content=\"es_ES\" \/>\n<meta property=\"og:type\" content=\"article\" \/>\n<meta property=\"og:title\" content=\"Declaraci\u00f3n de privacidad - Top of Minds\" \/>\n<meta property=\"og:description\" content=\"Top of Minds procesar\u00e1 sus datos personales cuidadosamente y siempre de acuerdo con las leyes y reglamentos aplicables.\" \/>\n<meta property=\"og:url\" content=\"https:\/\/topofminds.com\/es\/declaracion-de-privacidad\/\" \/>\n<meta property=\"og:site_name\" content=\"Top of Minds ES\" \/>\n<meta property=\"article:modified_time\" content=\"2024-08-14T14:03:57+00:00\" \/>\n<meta name=\"twitter:card\" content=\"summary_large_image\" \/>\n<meta name=\"twitter:label1\" content=\"Tiempo de lectura\" \/>\n\t<meta name=\"twitter:data1\" content=\"21 minutos\" \/>\n<script type=\"application\/ld+json\" class=\"yoast-schema-graph\">{\"@context\":\"https:\\\/\\\/schema.org\",\"@graph\":[{\"@type\":\"WebPage\",\"@id\":\"https:\\\/\\\/topofminds.com\\\/es\\\/declaracion-de-privacidad\\\/\",\"url\":\"https:\\\/\\\/topofminds.com\\\/es\\\/declaracion-de-privacidad\\\/\",\"name\":\"Declaraci\u00f3n de privacidad - Top of Minds\",\"isPartOf\":{\"@id\":\"https:\\\/\\\/topofminds.com\\\/es\\\/#website\"},\"datePublished\":\"2017-07-03T10:03:45+00:00\",\"dateModified\":\"2024-08-14T14:03:57+00:00\",\"description\":\"Top of Minds procesar\u00e1 sus datos personales cuidadosamente y siempre de acuerdo con las leyes y reglamentos aplicables.\",\"breadcrumb\":{\"@id\":\"https:\\\/\\\/topofminds.com\\\/es\\\/declaracion-de-privacidad\\\/#breadcrumb\"},\"inLanguage\":\"es\",\"potentialAction\":[{\"@type\":\"ReadAction\",\"target\":[\"https:\\\/\\\/topofminds.com\\\/es\\\/declaracion-de-privacidad\\\/\"]}]},{\"@type\":\"BreadcrumbList\",\"@id\":\"https:\\\/\\\/topofminds.com\\\/es\\\/declaracion-de-privacidad\\\/#breadcrumb\",\"itemListElement\":[{\"@type\":\"ListItem\",\"position\":1,\"name\":\"Home\",\"item\":\"https:\\\/\\\/topofminds.com\\\/es\\\/\"},{\"@type\":\"ListItem\",\"position\":2,\"name\":\"Declaraci\u00f3n de privacidad\"}]},{\"@type\":\"WebSite\",\"@id\":\"https:\\\/\\\/topofminds.com\\\/es\\\/#website\",\"url\":\"https:\\\/\\\/topofminds.com\\\/es\\\/\",\"name\":\"Top of Minds ES\",\"description\":\"\",\"publisher\":{\"@id\":\"https:\\\/\\\/topofminds.com\\\/es\\\/#organization\"},\"potentialAction\":[{\"@type\":\"SearchAction\",\"target\":{\"@type\":\"EntryPoint\",\"urlTemplate\":\"https:\\\/\\\/topofminds.com\\\/es\\\/?s={search_term_string}\"},\"query-input\":{\"@type\":\"PropertyValueSpecification\",\"valueRequired\":true,\"valueName\":\"search_term_string\"}}],\"inLanguage\":\"es\"},{\"@type\":\"Organization\",\"@id\":\"https:\\\/\\\/topofminds.com\\\/es\\\/#organization\",\"name\":\"Top of Minds\",\"url\":\"https:\\\/\\\/topofminds.com\\\/es\\\/\",\"logo\":{\"@type\":\"ImageObject\",\"inLanguage\":\"es\",\"@id\":\"https:\\\/\\\/topofminds.com\\\/es\\\/#\\\/schema\\\/logo\\\/image\\\/\",\"url\":\"https:\\\/\\\/topofminds.com\\\/es\\\/wp-content\\\/uploads\\\/sites\\\/6\\\/2019\\\/06\\\/topofminds-logo-2019-v4.svg\",\"contentUrl\":\"https:\\\/\\\/topofminds.com\\\/es\\\/wp-content\\\/uploads\\\/sites\\\/6\\\/2019\\\/06\\\/topofminds-logo-2019-v4.svg\",\"width\":1,\"height\":1,\"caption\":\"Top of Minds\"},\"image\":{\"@id\":\"https:\\\/\\\/topofminds.com\\\/es\\\/#\\\/schema\\\/logo\\\/image\\\/\"}}]}<\/script>\n<!-- \/ Yoast SEO plugin. -->","yoast_head_json":{"title":"Declaraci\u00f3n de privacidad - Top of Minds","description":"Top of Minds procesar\u00e1 sus datos personales cuidadosamente y siempre de acuerdo con las leyes y reglamentos aplicables.","robots":{"index":"index","follow":"follow","max-snippet":"max-snippet:-1","max-image-preview":"max-image-preview:large","max-video-preview":"max-video-preview:-1"},"canonical":"https:\/\/topofminds.com\/es\/declaracion-de-privacidad\/","og_locale":"es_ES","og_type":"article","og_title":"Declaraci\u00f3n de privacidad - Top of Minds","og_description":"Top of Minds procesar\u00e1 sus datos personales cuidadosamente y siempre de acuerdo con las leyes y reglamentos aplicables.","og_url":"https:\/\/topofminds.com\/es\/declaracion-de-privacidad\/","og_site_name":"Top of Minds ES","article_modified_time":"2024-08-14T14:03:57+00:00","twitter_card":"summary_large_image","twitter_misc":{"Tiempo de lectura":"21 minutos"},"schema":{"@context":"https:\/\/schema.org","@graph":[{"@type":"WebPage","@id":"https:\/\/topofminds.com\/es\/declaracion-de-privacidad\/","url":"https:\/\/topofminds.com\/es\/declaracion-de-privacidad\/","name":"Declaraci\u00f3n de privacidad - Top of Minds","isPartOf":{"@id":"https:\/\/topofminds.com\/es\/#website"},"datePublished":"2017-07-03T10:03:45+00:00","dateModified":"2024-08-14T14:03:57+00:00","description":"Top of Minds procesar\u00e1 sus datos personales cuidadosamente y siempre de acuerdo con las leyes y reglamentos aplicables.","breadcrumb":{"@id":"https:\/\/topofminds.com\/es\/declaracion-de-privacidad\/#breadcrumb"},"inLanguage":"es","potentialAction":[{"@type":"ReadAction","target":["https:\/\/topofminds.com\/es\/declaracion-de-privacidad\/"]}]},{"@type":"BreadcrumbList","@id":"https:\/\/topofminds.com\/es\/declaracion-de-privacidad\/#breadcrumb","itemListElement":[{"@type":"ListItem","position":1,"name":"Home","item":"https:\/\/topofminds.com\/es\/"},{"@type":"ListItem","position":2,"name":"Declaraci\u00f3n de privacidad"}]},{"@type":"WebSite","@id":"https:\/\/topofminds.com\/es\/#website","url":"https:\/\/topofminds.com\/es\/","name":"Top of Minds ES","description":"","publisher":{"@id":"https:\/\/topofminds.com\/es\/#organization"},"potentialAction":[{"@type":"SearchAction","target":{"@type":"EntryPoint","urlTemplate":"https:\/\/topofminds.com\/es\/?s={search_term_string}"},"query-input":{"@type":"PropertyValueSpecification","valueRequired":true,"valueName":"search_term_string"}}],"inLanguage":"es"},{"@type":"Organization","@id":"https:\/\/topofminds.com\/es\/#organization","name":"Top of Minds","url":"https:\/\/topofminds.com\/es\/","logo":{"@type":"ImageObject","inLanguage":"es","@id":"https:\/\/topofminds.com\/es\/#\/schema\/logo\/image\/","url":"https:\/\/topofminds.com\/es\/wp-content\/uploads\/sites\/6\/2019\/06\/topofminds-logo-2019-v4.svg","contentUrl":"https:\/\/topofminds.com\/es\/wp-content\/uploads\/sites\/6\/2019\/06\/topofminds-logo-2019-v4.svg","width":1,"height":1,"caption":"Top of Minds"},"image":{"@id":"https:\/\/topofminds.com\/es\/#\/schema\/logo\/image\/"}}]}},"_links":{"self":[{"href":"https:\/\/topofminds.com\/es\/wp-json\/wp\/v2\/pages\/2672","targetHints":{"allow":["GET"]}}],"collection":[{"href":"https:\/\/topofminds.com\/es\/wp-json\/wp\/v2\/pages"}],"about":[{"href":"https:\/\/topofminds.com\/es\/wp-json\/wp\/v2\/types\/page"}],"author":[{"embeddable":true,"href":"https:\/\/topofminds.com\/es\/wp-json\/wp\/v2\/users\/5"}],"replies":[{"embeddable":true,"href":"https:\/\/topofminds.com\/es\/wp-json\/wp\/v2\/comments?post=2672"}],"version-history":[{"count":15,"href":"https:\/\/topofminds.com\/es\/wp-json\/wp\/v2\/pages\/2672\/revisions"}],"predecessor-version":[{"id":42473,"href":"https:\/\/topofminds.com\/es\/wp-json\/wp\/v2\/pages\/2672\/revisions\/42473"}],"wp:attachment":[{"href":"https:\/\/topofminds.com\/es\/wp-json\/wp\/v2\/media?parent=2672"}],"curies":[{"name":"wp","href":"https:\/\/api.w.org\/{rel}","templated":true}]}}